{"id":1661,"date":"2022-02-07T13:35:00","date_gmt":"2022-02-07T13:35:00","guid":{"rendered":"https:\/\/pmk.rs\/product\/hoodie-with-logo\/"},"modified":"2026-04-01T19:09:31","modified_gmt":"2026-04-01T19:09:31","slug":"comfort-of-our-online-store","status":"publish","type":"product","link":"https:\/\/pmk.rs\/en\/shop\/comfort-of-our-online-store\/","title":{"rendered":"Uteha Na\u0161a 0.7L"},"content":{"rendered":"<p>Uteha Na\u0161a 0,7L je vrhunska rakija od \u0161ljive, ra\u0111ena po drevnim, tradicionalnim recepturama. Napravljena je od stare autohtone sorte \u0161ljive &#8216;Moravka&#8217; i predstavlja 100%-tni destilat te \u0161ljive. Nakon pe\u010denja, rakija odle\u017eava tri godine u novim hrastovim buradima, koja se nakon toga vi\u0161e ne koriste. Ova rakija ima pun i skladan ukus, u kojem se ose\u0107a uticaj hrasta, ali i dominacija ukusa Moravke.<\/p>\n<p>It comes in a modern packaging with nice details, such as a bottle stopper containing a small dose of rakija and a copper plate on the back of the bottle that mutates dthrough time. Feel the seductive charm of Uteha Na\u0161a.<\/p>","protected":false},"excerpt":{"rendered":"<p><strong>Net: 0.7L \/ Alc. 40%<\/strong><\/p>\n<p>Premium brandy made from the old autochthonous plum variety &#039;Moravka&#039;, one of the sweetest fruits. Rakija is aged for 3 years in new 150 liter oak barrels, resulting in its charming amber color.<\/p>\n<p><strong>\u2713 Aged 3 years<\/strong><br \/>\n<strong>\u2713 There is a small amount of rakija in the cap<\/strong><\/p>","protected":false},"featured_media":5699,"template":"","meta":{"site-sidebar-layout":"default","site-content-layout":"default","ast-site-content-layout":"default","site-content-style":"default","site-sidebar-style":"default","ast-global-header-display":"","ast-banner-title-visibility":"","ast-main-header-display":"","ast-hfb-above-header-display":"","ast-hfb-below-header-display":"","ast-hfb-mobile-header-display":"","site-post-title":"","ast-breadcrumbs-content":"","ast-featured-img":"","footer-sml-layout":"","ast-disable-related-posts":"","theme-transparent-header-meta":"default","adv-header-id-meta":"","stick-header-meta":"","header-above-stick-meta":"","header-main-stick-meta":"","header-below-stick-meta":"","astra-migrate-meta-layouts":"set","ast-page-background-enabled":"default","ast-page-background-meta":{"desktop":{"background-color":"","background-image":"","background-repeat":"repeat","background-position":"center center","background-size":"auto","background-attachment":"scroll","background-type":"","background-media":"","overlay-type":"","overlay-color":"","overlay-opacity":"","overlay-gradient":""},"tablet":{"background-color":"","background-image":"","background-repeat":"repeat","background-position":"center center","background-size":"auto","background-attachment":"scroll","background-type":"","background-media":"","overlay-type":"","overlay-color":"","overlay-opacity":"","overlay-gradient":""},"mobile":{"background-color":"","background-image":"","background-repeat":"repeat","background-position":"center center","background-size":"auto","background-attachment":"scroll","background-type":"","background-media":"","overlay-type":"","overlay-color":"","overlay-opacity":"","overlay-gradient":""}},"ast-content-background-meta":{"desktop":{"background-color":"var(--ast-global-color-5)","background-image":"","background-repeat":"repeat","background-position":"center center","background-size":"auto","background-attachment":"scroll","background-type":"","background-media":"","overlay-type":"","overlay-color":"","overlay-opacity":"","overlay-gradient":""},"tablet":{"background-color":"var(--ast-global-color-5)","background-image":"","background-repeat":"repeat","background-position":"center center","background-size":"auto","background-attachment":"scroll","background-type":"","background-media":"","overlay-type":"","overlay-color":"","overlay-opacity":"","overlay-gradient":""},"mobile":{"background-color":"var(--ast-global-color-5)","background-image":"","background-repeat":"repeat","background-position":"center center","background-size":"auto","background-attachment":"scroll","background-type":"","background-media":"","overlay-type":"","overlay-color":"","overlay-opacity":"","overlay-gradient":""}}},"product_brand":[],"product_cat":[20185],"product_tag":[],"class_list":{"0":"post-1661","1":"product","2":"type-product","3":"status-publish","4":"has-post-thumbnail","6":"product_cat-prodaja-rakije-preko-interneta","7":"desktop-align-left","8":"tablet-align-left","9":"mobile-align-left","11":"first","12":"instock","13":"purchasable","14":"product-type-simple"},"yoast_head":"<!-- This site is optimized with the Yoast SEO plugin v27.6 - https:\/\/yoast.com\/product\/yoast-seo-wordpress\/ -->\n<title>Uteha Na\u0161a - Online Prodavnica<\/title>\n<meta name=\"description\" content=\"Otkrijte autenti\u010dan ukus rakije Uteha Na\u0161a. Proizvedena od najkvalitetnijeg vo\u0107a, u skladu sa prirodom i tradicijom. Poru\u010dite online!\" \/>\n<meta name=\"robots\" content=\"index, follow, max-snippet:-1, max-image-preview:large, max-video-preview:-1\" \/>\n<link rel=\"canonical\" href=\"https:\/\/pmk.rs\/en\/shop\/comfort-of-our-online-store\/\" \/>\n<meta property=\"og:locale\" content=\"en_US\" \/>\n<meta property=\"og:type\" content=\"article\" \/>\n<meta property=\"og:title\" content=\"Uteha Na\u0161a - Online Prodavnica\" \/>\n<meta property=\"og:description\" content=\"Otkrijte autenti\u010dan ukus rakije Uteha Na\u0161a. Proizvedena od najkvalitetnijeg vo\u0107a, u skladu sa prirodom i tradicijom. Poru\u010dite online!\" \/>\n<meta property=\"og:url\" content=\"https:\/\/pmk.rs\/en\/shop\/comfort-of-our-online-store\/\" \/>\n<meta property=\"og:site_name\" content=\"PMK\" \/>\n<meta property=\"article:publisher\" content=\"https:\/\/www.facebook.com\/UtehaNasa\" \/>\n<meta property=\"article:modified_time\" content=\"2026-04-01T19:09:31+00:00\" \/>\n<meta property=\"og:image\" content=\"https:\/\/pmk.rs\/wp-content\/uploads\/2022\/02\/Uteha-Nasa-Rakija-prednja-strana.jpg\" \/>\n\t<meta property=\"og:image:width\" content=\"1080\" \/>\n\t<meta property=\"og:image:height\" content=\"1080\" \/>\n\t<meta property=\"og:image:type\" content=\"image\/jpeg\" \/>\n<meta name=\"twitter:card\" content=\"summary_large_image\" \/>\n<meta name=\"twitter:label1\" content=\"Est. reading time\" \/>\n\t<meta name=\"twitter:data1\" content=\"1 minute\" \/>\n<script type=\"application\/ld+json\" class=\"yoast-schema-graph\">{\"@context\":\"https:\\\/\\\/schema.org\",\"@graph\":[{\"@type\":\"WebPage\",\"@id\":\"https:\\\/\\\/pmk.rs\\\/shop\\\/uteha-nasa-online-prodavnica\\\/\",\"url\":\"https:\\\/\\\/pmk.rs\\\/shop\\\/uteha-nasa-online-prodavnica\\\/\",\"name\":\"Uteha Na\u0161a - Online Prodavnica\",\"isPartOf\":{\"@id\":\"https:\\\/\\\/pmk.rs\\\/#website\"},\"primaryImageOfPage\":{\"@id\":\"https:\\\/\\\/pmk.rs\\\/shop\\\/uteha-nasa-online-prodavnica\\\/#primaryimage\"},\"image\":{\"@id\":\"https:\\\/\\\/pmk.rs\\\/shop\\\/uteha-nasa-online-prodavnica\\\/#primaryimage\"},\"thumbnailUrl\":\"https:\\\/\\\/i0.wp.com\\\/pmk.rs\\\/wp-content\\\/uploads\\\/2022\\\/02\\\/Uteha-Nasa-Rakija-prednja-strana.jpg?fit=1080%2C1080&ssl=1\",\"datePublished\":\"2022-02-07T13:35:00+00:00\",\"dateModified\":\"2026-04-01T19:09:31+00:00\",\"description\":\"Otkrijte autenti\u010dan ukus rakije Uteha Na\u0161a. Proizvedena od najkvalitetnijeg vo\u0107a, u skladu sa prirodom i tradicijom. Poru\u010dite online!\",\"breadcrumb\":{\"@id\":\"https:\\\/\\\/pmk.rs\\\/shop\\\/uteha-nasa-online-prodavnica\\\/#breadcrumb\"},\"inLanguage\":\"en-US\",\"potentialAction\":[{\"@type\":\"ReadAction\",\"target\":[\"https:\\\/\\\/pmk.rs\\\/shop\\\/uteha-nasa-online-prodavnica\\\/\"]}]},{\"@type\":\"ImageObject\",\"inLanguage\":\"en-US\",\"@id\":\"https:\\\/\\\/pmk.rs\\\/shop\\\/uteha-nasa-online-prodavnica\\\/#primaryimage\",\"url\":\"https:\\\/\\\/i0.wp.com\\\/pmk.rs\\\/wp-content\\\/uploads\\\/2022\\\/02\\\/Uteha-Nasa-Rakija-prednja-strana.jpg?fit=1080%2C1080&ssl=1\",\"contentUrl\":\"https:\\\/\\\/i0.wp.com\\\/pmk.rs\\\/wp-content\\\/uploads\\\/2022\\\/02\\\/Uteha-Nasa-Rakija-prednja-strana.jpg?fit=1080%2C1080&ssl=1\",\"width\":1080,\"height\":1080,\"caption\":\"Uteha Nasa rakija boca\"},{\"@type\":\"BreadcrumbList\",\"@id\":\"https:\\\/\\\/pmk.rs\\\/shop\\\/uteha-nasa-online-prodavnica\\\/#breadcrumb\",\"itemListElement\":[{\"@type\":\"ListItem\",\"position\":1,\"name\":\"Home\",\"item\":\"https:\\\/\\\/pmk.rs\\\/\"},{\"@type\":\"ListItem\",\"position\":2,\"name\":\"Prodavnica\",\"item\":\"https:\\\/\\\/pmk.rs\\\/prodavnica-uteha-nasa-rakija\\\/\"},{\"@type\":\"ListItem\",\"position\":3,\"name\":\"Uteha Na\u0161a 0,7L\"}]},{\"@type\":\"WebSite\",\"@id\":\"https:\\\/\\\/pmk.rs\\\/#website\",\"url\":\"https:\\\/\\\/pmk.rs\\\/\",\"name\":\"PMK\",\"description\":\"Pod Mirnim Krovovima\",\"publisher\":{\"@id\":\"https:\\\/\\\/pmk.rs\\\/#organization\"},\"alternateName\":\"Uteha Nasa\",\"potentialAction\":[{\"@type\":\"SearchAction\",\"target\":{\"@type\":\"EntryPoint\",\"urlTemplate\":\"https:\\\/\\\/pmk.rs\\\/?s={search_term_string}\"},\"query-input\":{\"@type\":\"PropertyValueSpecification\",\"valueRequired\":true,\"valueName\":\"search_term_string\"}}],\"inLanguage\":\"en-US\"},{\"@type\":\"Organization\",\"@id\":\"https:\\\/\\\/pmk.rs\\\/#organization\",\"name\":\"Pod Mirnim Krovovima | Uteha Na\u0161a\",\"alternateName\":\"Uteha Na\u0161a\",\"url\":\"https:\\\/\\\/pmk.rs\\\/\",\"logo\":{\"@type\":\"ImageObject\",\"inLanguage\":\"en-US\",\"@id\":\"https:\\\/\\\/pmk.rs\\\/#\\\/schema\\\/logo\\\/image\\\/\",\"url\":\"https:\\\/\\\/i0.wp.com\\\/pmk.rs\\\/wp-content\\\/uploads\\\/2022\\\/02\\\/cropped-voor-homepage-1-e1644613809710.png?fit=985%2C482&ssl=1\",\"contentUrl\":\"https:\\\/\\\/i0.wp.com\\\/pmk.rs\\\/wp-content\\\/uploads\\\/2022\\\/02\\\/cropped-voor-homepage-1-e1644613809710.png?fit=985%2C482&ssl=1\",\"width\":985,\"height\":482,\"caption\":\"Pod Mirnim Krovovima | Uteha Na\u0161a\"},\"image\":{\"@id\":\"https:\\\/\\\/pmk.rs\\\/#\\\/schema\\\/logo\\\/image\\\/\"},\"sameAs\":[\"https:\\\/\\\/www.facebook.com\\\/UtehaNasa\",\"https:\\\/\\\/www.instagram.com\\\/utehanasa\\\/\"]}]}<\/script>\n<!-- \/ Yoast SEO plugin. -->","yoast_head_json":{"title":"Uteha Na\u0161a - Online Prodavnica","description":"Discover the authentic taste of Uteha Na\u0161a rakija. Produced from the highest quality fruit, in accordance with nature and tradition. Order online!","robots":{"index":"index","follow":"follow","max-snippet":"max-snippet:-1","max-image-preview":"max-image-preview:large","max-video-preview":"max-video-preview:-1"},"canonical":"https:\/\/pmk.rs\/en\/shop\/comfort-of-our-online-store\/","og_locale":"en_US","og_type":"article","og_title":"Uteha Na\u0161a - Online Prodavnica","og_description":"Otkrijte autenti\u010dan ukus rakije Uteha Na\u0161a. Proizvedena od najkvalitetnijeg vo\u0107a, u skladu sa prirodom i tradicijom. Poru\u010dite online!","og_url":"https:\/\/pmk.rs\/en\/shop\/comfort-of-our-online-store\/","og_site_name":"PMK","article_publisher":"https:\/\/www.facebook.com\/UtehaNasa","article_modified_time":"2026-04-01T19:09:31+00:00","og_image":[{"width":1080,"height":1080,"url":"https:\/\/pmk.rs\/wp-content\/uploads\/2022\/02\/Uteha-Nasa-Rakija-prednja-strana.jpg","type":"image\/jpeg"}],"twitter_card":"summary_large_image","twitter_misc":{"Est. reading time":"1 minute"},"schema":{"@context":"https:\/\/schema.org","@graph":[{"@type":"WebPage","@id":"https:\/\/pmk.rs\/shop\/uteha-nasa-online-prodavnica\/","url":"https:\/\/pmk.rs\/shop\/uteha-nasa-online-prodavnica\/","name":"Uteha Na\u0161a - Online Prodavnica","isPartOf":{"@id":"https:\/\/pmk.rs\/#website"},"primaryImageOfPage":{"@id":"https:\/\/pmk.rs\/shop\/uteha-nasa-online-prodavnica\/#primaryimage"},"image":{"@id":"https:\/\/pmk.rs\/shop\/uteha-nasa-online-prodavnica\/#primaryimage"},"thumbnailUrl":"https:\/\/i0.wp.com\/pmk.rs\/wp-content\/uploads\/2022\/02\/Uteha-Nasa-Rakija-prednja-strana.jpg?fit=1080%2C1080&ssl=1","datePublished":"2022-02-07T13:35:00+00:00","dateModified":"2026-04-01T19:09:31+00:00","description":"Discover the authentic taste of Uteha Na\u0161a rakija. Produced from the highest quality fruit, in accordance with nature and tradition. Order online!","breadcrumb":{"@id":"https:\/\/pmk.rs\/shop\/uteha-nasa-online-prodavnica\/#breadcrumb"},"inLanguage":"en-US","potentialAction":[{"@type":"ReadAction","target":["https:\/\/pmk.rs\/shop\/uteha-nasa-online-prodavnica\/"]}]},{"@type":"ImageObject","inLanguage":"en-US","@id":"https:\/\/pmk.rs\/shop\/uteha-nasa-online-prodavnica\/#primaryimage","url":"https:\/\/i0.wp.com\/pmk.rs\/wp-content\/uploads\/2022\/02\/Uteha-Nasa-Rakija-prednja-strana.jpg?fit=1080%2C1080&ssl=1","contentUrl":"https:\/\/i0.wp.com\/pmk.rs\/wp-content\/uploads\/2022\/02\/Uteha-Nasa-Rakija-prednja-strana.jpg?fit=1080%2C1080&ssl=1","width":1080,"height":1080,"caption":"Uteha Nasa rakija boca"},{"@type":"BreadcrumbList","@id":"https:\/\/pmk.rs\/shop\/uteha-nasa-online-prodavnica\/#breadcrumb","itemListElement":[{"@type":"ListItem","position":1,"name":"Home","item":"https:\/\/pmk.rs\/"},{"@type":"ListItem","position":2,"name":"Prodavnica","item":"https:\/\/pmk.rs\/prodavnica-uteha-nasa-rakija\/"},{"@type":"ListItem","position":3,"name":"Uteha Na\u0161a 0,7L"}]},{"@type":"WebSite","@id":"https:\/\/pmk.rs\/#website","url":"https:\/\/pmk.rs\/","name":"PMK","description":"Pod Mirnim Krovovima","publisher":{"@id":"https:\/\/pmk.rs\/#organization"},"alternateName":"Uteha Nasa","potentialAction":[{"@type":"SearchAction","target":{"@type":"EntryPoint","urlTemplate":"https:\/\/pmk.rs\/?s={search_term_string}"},"query-input":{"@type":"PropertyValueSpecification","valueRequired":true,"valueName":"search_term_string"}}],"inLanguage":"en-US"},{"@type":"Organization","@id":"https:\/\/pmk.rs\/#organization","name":"Pod Mirnim Krovovima | Uteha Na\u0161a","alternateName":"Uteha Na\u0161a","url":"https:\/\/pmk.rs\/","logo":{"@type":"ImageObject","inLanguage":"en-US","@id":"https:\/\/pmk.rs\/#\/schema\/logo\/image\/","url":"https:\/\/i0.wp.com\/pmk.rs\/wp-content\/uploads\/2022\/02\/cropped-voor-homepage-1-e1644613809710.png?fit=985%2C482&ssl=1","contentUrl":"https:\/\/i0.wp.com\/pmk.rs\/wp-content\/uploads\/2022\/02\/cropped-voor-homepage-1-e1644613809710.png?fit=985%2C482&ssl=1","width":985,"height":482,"caption":"Pod Mirnim Krovovima | Uteha Na\u0161a"},"image":{"@id":"https:\/\/pmk.rs\/#\/schema\/logo\/image\/"},"sameAs":["https:\/\/www.facebook.com\/UtehaNasa","https:\/\/www.instagram.com\/utehanasa\/"]}]}},"jetpack_sharing_enabled":true,"_links":{"self":[{"href":"https:\/\/pmk.rs\/en\/wp-json\/wp\/v2\/product\/1661","targetHints":{"allow":["GET"]}}],"collection":[{"href":"https:\/\/pmk.rs\/en\/wp-json\/wp\/v2\/product"}],"about":[{"href":"https:\/\/pmk.rs\/en\/wp-json\/wp\/v2\/types\/product"}],"wp:featuredmedia":[{"embeddable":true,"href":"https:\/\/pmk.rs\/en\/wp-json\/wp\/v2\/media\/5699"}],"wp:attachment":[{"href":"https:\/\/pmk.rs\/en\/wp-json\/wp\/v2\/media?parent=1661"}],"wp:term":[{"taxonomy":"product_brand","embeddable":true,"href":"https:\/\/pmk.rs\/en\/wp-json\/wp\/v2\/product_brand?post=1661"},{"taxonomy":"product_cat","embeddable":true,"href":"https:\/\/pmk.rs\/en\/wp-json\/wp\/v2\/product_cat?post=1661"},{"taxonomy":"product_tag","embeddable":true,"href":"https:\/\/pmk.rs\/en\/wp-json\/wp\/v2\/product_tag?post=1661"}],"curies":[{"name":"wp","href":"https:\/\/api.w.org\/{rel}","templated":true}]}}