{"id":3483,"date":"2023-02-06T17:03:27","date_gmt":"2023-02-06T17:03:27","guid":{"rendered":"https:\/\/pmk.rs\/?post_type=product&#038;p=3483"},"modified":"2026-04-01T19:03:03","modified_gmt":"2026-04-01T19:03:03","slug":"consolation-of-our-tears-is-brandy","status":"publish","type":"product","link":"https:\/\/pmk.rs\/en\/shop\/consolation-of-our-tears-is-brandy\/","title":{"rendered":"Uteha Na\u0161a Suza 5L"},"content":{"rendered":"<div class=\"group w-full text-gray-800 dark:text-gray-100 border-b border-black\/10 dark:border-gray-900\/50 bg-gray-50 dark:bg-[#444654]\">\n<div class=\"text-base gap-4 md:gap-6 md:max-w-2xl lg:max-w-xl xl:max-w-3xl p-4 md:py-6 flex lg:px-0 m-auto\">\n<div class=\"relative flex w-[calc(100%-50px)] flex-col gap-1 md:gap-3 lg:w-[calc(100%-115px)]\">\n<div class=\"flex flex-grow flex-col gap-3\">\n<div class=\"min-h-[20px] flex flex-col items-start gap-4 whitespace-pre-wrap break-words\">\n<div class=\"markdown prose w-full break-words dark:prose-invert light\">\n<p>Uteha Na\u0161a Suza 5L je vrhunska rakija od \u0161ljive, ra\u0111ena po drevnim, tradicionalnim recepturama. Napravljena je od stare autohtone sorte \u0161ljive &#8216;Moravka&#8217; i predstavlja 100%-tni destilat te \u0161ljive. Nakon pe\u010denja, rakija odle\u017eava tri godine u novim hrastovim buradima, koja se nakon toga vi\u0161e ne koriste. Ova vrhunska rakija ima pun i skladan ukus, u kojem se ose\u0107a uticaj hrasta, ali i dominacija ukusa Moravke.<\/p>\n<p>Dolazi u atraktivnoj ambala\u017ei sa debelim kanapom, zbog \u010dega mo\u017eete da je zaka\u010dite bilo gde. Suza je tako\u0111e zape\u010da\u0107ena voskom.<\/p>\n<p>Osim toga, Uteha Na\u0161a Suza 5L je izuzetno prakti\u010dna opcija za sektor ugostiteljstva, jer im omogu\u0107ava da kupe vrhunsku rakiju od \u0161ljive u koli\u010dini od 5 litara, po ni\u017eoj ceni po litru u odnosu na 0,7L pakovanje. U\u017eivajte u zavodljivom \u0161armu Utehe Na\u0161e.<\/p>\n<\/div>\n<\/div>\n<\/div>\n<\/div>\n<\/div>\n<\/div>\n","protected":false},"excerpt":{"rendered":"<p><strong>Net: 5L \/ Alc. 40%<\/strong><\/p>\n<p>Vrhunska rakija napravljena od stare autohtone sorte \u0161ljive &#8216;Moravka&#8217;, jedna od najsla\u0111ih plodova. Rakija odle\u017eava 3 godine u <strong>new<\/strong> oak barrels, which results in its charming amber color.<\/p>\n<p><strong>\u2713 Aged 3 years<\/strong><br \/>\n<strong>\u2713 Comes with a rope<\/strong><br \/>\n<strong>\u2713 Suitable for restaurants<\/strong><\/p>","protected":false},"featured_media":5705,"template":"","meta":{"site-sidebar-layout":"default","site-content-layout":"default","ast-site-content-layout":"default","site-content-style":"default","site-sidebar-style":"default","ast-global-header-display":"","ast-banner-title-visibility":"","ast-main-header-display":"","ast-hfb-above-header-display":"","ast-hfb-below-header-display":"","ast-hfb-mobile-header-display":"","site-post-title":"","ast-breadcrumbs-content":"","ast-featured-img":"","footer-sml-layout":"","ast-disable-related-posts":"","theme-transparent-header-meta":"default","adv-header-id-meta":"","stick-header-meta":"","header-above-stick-meta":"","header-main-stick-meta":"","header-below-stick-meta":"","astra-migrate-meta-layouts":"set","ast-page-background-enabled":"default","ast-page-background-meta":{"desktop":{"background-color":"","background-image":"","background-repeat":"repeat","background-position":"center center","background-size":"auto","background-attachment":"scroll","background-type":"","background-media":"","overlay-type":"","overlay-color":"","overlay-opacity":"","overlay-gradient":""},"tablet":{"background-color":"","background-image":"","background-repeat":"repeat","background-position":"center center","background-size":"auto","background-attachment":"scroll","background-type":"","background-media":"","overlay-type":"","overlay-color":"","overlay-opacity":"","overlay-gradient":""},"mobile":{"background-color":"","background-image":"","background-repeat":"repeat","background-position":"center center","background-size":"auto","background-attachment":"scroll","background-type":"","background-media":"","overlay-type":"","overlay-color":"","overlay-opacity":"","overlay-gradient":""}},"ast-content-background-meta":{"desktop":{"background-color":"var(--ast-global-color-5)","background-image":"","background-repeat":"repeat","background-position":"center center","background-size":"auto","background-attachment":"scroll","background-type":"","background-media":"","overlay-type":"","overlay-color":"","overlay-opacity":"","overlay-gradient":""},"tablet":{"background-color":"var(--ast-global-color-5)","background-image":"","background-repeat":"repeat","background-position":"center center","background-size":"auto","background-attachment":"scroll","background-type":"","background-media":"","overlay-type":"","overlay-color":"","overlay-opacity":"","overlay-gradient":""},"mobile":{"background-color":"var(--ast-global-color-5)","background-image":"","background-repeat":"repeat","background-position":"center center","background-size":"auto","background-attachment":"scroll","background-type":"","background-media":"","overlay-type":"","overlay-color":"","overlay-opacity":"","overlay-gradient":""}}},"product_brand":[],"product_cat":[20185],"product_tag":[],"class_list":{"0":"post-3483","1":"product","2":"type-product","3":"status-publish","4":"has-post-thumbnail","6":"product_cat-prodaja-rakije-preko-interneta","7":"desktop-align-left","8":"tablet-align-left","9":"mobile-align-left","11":"first","12":"instock","13":"purchasable","14":"product-type-simple"},"yoast_head":"<!-- This site is optimized with the Yoast SEO plugin v27.6 - https:\/\/yoast.com\/product\/yoast-seo-wordpress\/ -->\n<title>Uteha Na\u0161a Suza 5L - Online Prodavnica<\/title>\n<meta name=\"description\" content=\"Uteha Na\u0161a Suza - 3 godine odle\u017eala u novim hrastovim buradima. U ambala\u017ei od 5 litara, savr\u0161en izbor za ljubitelje autenti\u010dnog ukusa. Naru\u010dite online!\" \/>\n<meta name=\"robots\" content=\"index, follow, max-snippet:-1, max-image-preview:large, max-video-preview:-1\" \/>\n<link rel=\"canonical\" href=\"https:\/\/pmk.rs\/en\/shop\/consolation-of-our-tears-is-brandy\/\" \/>\n<meta property=\"og:locale\" content=\"en_US\" \/>\n<meta property=\"og:type\" content=\"article\" \/>\n<meta property=\"og:title\" content=\"Uteha Na\u0161a Suza 5L - Online Prodavnica\" \/>\n<meta property=\"og:description\" content=\"Uteha Na\u0161a Suza - 3 godine odle\u017eala u novim hrastovim buradima. U ambala\u017ei od 5 litara, savr\u0161en izbor za ljubitelje autenti\u010dnog ukusa. Naru\u010dite online!\" \/>\n<meta property=\"og:url\" content=\"https:\/\/pmk.rs\/en\/shop\/consolation-of-our-tears-is-brandy\/\" \/>\n<meta property=\"og:site_name\" content=\"PMK\" \/>\n<meta property=\"article:publisher\" content=\"https:\/\/www.facebook.com\/UtehaNasa\" \/>\n<meta property=\"article:modified_time\" content=\"2026-04-01T19:03:03+00:00\" \/>\n<meta property=\"og:image\" content=\"https:\/\/pmk.rs\/wp-content\/uploads\/2023\/02\/Suza-sa-kanapom.jpg\" \/>\n\t<meta property=\"og:image:width\" content=\"1434\" \/>\n\t<meta property=\"og:image:height\" content=\"1434\" \/>\n\t<meta property=\"og:image:type\" content=\"image\/jpeg\" \/>\n<meta name=\"twitter:card\" content=\"summary_large_image\" \/>\n<meta name=\"twitter:label1\" content=\"Est. reading time\" \/>\n\t<meta name=\"twitter:data1\" content=\"1 minute\" \/>\n<script type=\"application\/ld+json\" class=\"yoast-schema-graph\">{\"@context\":\"https:\\\/\\\/schema.org\",\"@graph\":[{\"@type\":\"WebPage\",\"@id\":\"https:\\\/\\\/pmk.rs\\\/shop\\\/uteha-nasa-suza-rakija\\\/\",\"url\":\"https:\\\/\\\/pmk.rs\\\/shop\\\/uteha-nasa-suza-rakija\\\/\",\"name\":\"Uteha Na\u0161a Suza 5L - Online Prodavnica\",\"isPartOf\":{\"@id\":\"https:\\\/\\\/pmk.rs\\\/#website\"},\"primaryImageOfPage\":{\"@id\":\"https:\\\/\\\/pmk.rs\\\/shop\\\/uteha-nasa-suza-rakija\\\/#primaryimage\"},\"image\":{\"@id\":\"https:\\\/\\\/pmk.rs\\\/shop\\\/uteha-nasa-suza-rakija\\\/#primaryimage\"},\"thumbnailUrl\":\"https:\\\/\\\/i0.wp.com\\\/pmk.rs\\\/wp-content\\\/uploads\\\/2023\\\/02\\\/Suza-sa-kanapom.jpg?fit=1434%2C1434&ssl=1\",\"datePublished\":\"2023-02-06T17:03:27+00:00\",\"dateModified\":\"2026-04-01T19:03:03+00:00\",\"description\":\"Uteha Na\u0161a Suza - 3 godine odle\u017eala u novim hrastovim buradima. U ambala\u017ei od 5 litara, savr\u0161en izbor za ljubitelje autenti\u010dnog ukusa. Naru\u010dite online!\",\"breadcrumb\":{\"@id\":\"https:\\\/\\\/pmk.rs\\\/shop\\\/uteha-nasa-suza-rakija\\\/#breadcrumb\"},\"inLanguage\":\"en-US\",\"potentialAction\":[{\"@type\":\"ReadAction\",\"target\":[\"https:\\\/\\\/pmk.rs\\\/shop\\\/uteha-nasa-suza-rakija\\\/\"]}]},{\"@type\":\"ImageObject\",\"inLanguage\":\"en-US\",\"@id\":\"https:\\\/\\\/pmk.rs\\\/shop\\\/uteha-nasa-suza-rakija\\\/#primaryimage\",\"url\":\"https:\\\/\\\/i0.wp.com\\\/pmk.rs\\\/wp-content\\\/uploads\\\/2023\\\/02\\\/Suza-sa-kanapom.jpg?fit=1434%2C1434&ssl=1\",\"contentUrl\":\"https:\\\/\\\/i0.wp.com\\\/pmk.rs\\\/wp-content\\\/uploads\\\/2023\\\/02\\\/Suza-sa-kanapom.jpg?fit=1434%2C1434&ssl=1\",\"width\":1434,\"height\":1434,\"caption\":\"Uteha Nasa Suza 5L\"},{\"@type\":\"BreadcrumbList\",\"@id\":\"https:\\\/\\\/pmk.rs\\\/shop\\\/uteha-nasa-suza-rakija\\\/#breadcrumb\",\"itemListElement\":[{\"@type\":\"ListItem\",\"position\":1,\"name\":\"Home\",\"item\":\"https:\\\/\\\/pmk.rs\\\/\"},{\"@type\":\"ListItem\",\"position\":2,\"name\":\"Prodavnica\",\"item\":\"https:\\\/\\\/pmk.rs\\\/prodavnica-uteha-nasa-rakija\\\/\"},{\"@type\":\"ListItem\",\"position\":3,\"name\":\"Uteha Na\u0161a Suza 5L\"}]},{\"@type\":\"WebSite\",\"@id\":\"https:\\\/\\\/pmk.rs\\\/#website\",\"url\":\"https:\\\/\\\/pmk.rs\\\/\",\"name\":\"PMK\",\"description\":\"Pod Mirnim Krovovima\",\"publisher\":{\"@id\":\"https:\\\/\\\/pmk.rs\\\/#organization\"},\"alternateName\":\"Uteha Nasa\",\"potentialAction\":[{\"@type\":\"SearchAction\",\"target\":{\"@type\":\"EntryPoint\",\"urlTemplate\":\"https:\\\/\\\/pmk.rs\\\/?s={search_term_string}\"},\"query-input\":{\"@type\":\"PropertyValueSpecification\",\"valueRequired\":true,\"valueName\":\"search_term_string\"}}],\"inLanguage\":\"en-US\"},{\"@type\":\"Organization\",\"@id\":\"https:\\\/\\\/pmk.rs\\\/#organization\",\"name\":\"Pod Mirnim Krovovima | Uteha Na\u0161a\",\"alternateName\":\"Uteha Na\u0161a\",\"url\":\"https:\\\/\\\/pmk.rs\\\/\",\"logo\":{\"@type\":\"ImageObject\",\"inLanguage\":\"en-US\",\"@id\":\"https:\\\/\\\/pmk.rs\\\/#\\\/schema\\\/logo\\\/image\\\/\",\"url\":\"https:\\\/\\\/i0.wp.com\\\/pmk.rs\\\/wp-content\\\/uploads\\\/2022\\\/02\\\/cropped-voor-homepage-1-e1644613809710.png?fit=985%2C482&ssl=1\",\"contentUrl\":\"https:\\\/\\\/i0.wp.com\\\/pmk.rs\\\/wp-content\\\/uploads\\\/2022\\\/02\\\/cropped-voor-homepage-1-e1644613809710.png?fit=985%2C482&ssl=1\",\"width\":985,\"height\":482,\"caption\":\"Pod Mirnim Krovovima | Uteha Na\u0161a\"},\"image\":{\"@id\":\"https:\\\/\\\/pmk.rs\\\/#\\\/schema\\\/logo\\\/image\\\/\"},\"sameAs\":[\"https:\\\/\\\/www.facebook.com\\\/UtehaNasa\",\"https:\\\/\\\/www.instagram.com\\\/utehanasa\\\/\"]}]}<\/script>\n<!-- \/ Yoast SEO plugin. -->","yoast_head_json":{"title":"Uteha Na\u0161a Suza 5L - Online Prodavnica","description":"Uteha Na\u0161a Suza - aged for 3 years in new oak barrels. In a 5-liter bottle, the perfect choice for lovers of authentic taste. Order online!","robots":{"index":"index","follow":"follow","max-snippet":"max-snippet:-1","max-image-preview":"max-image-preview:large","max-video-preview":"max-video-preview:-1"},"canonical":"https:\/\/pmk.rs\/en\/shop\/consolation-of-our-tears-is-brandy\/","og_locale":"en_US","og_type":"article","og_title":"Uteha Na\u0161a Suza 5L - Online Prodavnica","og_description":"Uteha Na\u0161a Suza - 3 godine odle\u017eala u novim hrastovim buradima. U ambala\u017ei od 5 litara, savr\u0161en izbor za ljubitelje autenti\u010dnog ukusa. Naru\u010dite online!","og_url":"https:\/\/pmk.rs\/en\/shop\/consolation-of-our-tears-is-brandy\/","og_site_name":"PMK","article_publisher":"https:\/\/www.facebook.com\/UtehaNasa","article_modified_time":"2026-04-01T19:03:03+00:00","og_image":[{"width":1434,"height":1434,"url":"https:\/\/pmk.rs\/wp-content\/uploads\/2023\/02\/Suza-sa-kanapom.jpg","type":"image\/jpeg"}],"twitter_card":"summary_large_image","twitter_misc":{"Est. reading time":"1 minute"},"schema":{"@context":"https:\/\/schema.org","@graph":[{"@type":"WebPage","@id":"https:\/\/pmk.rs\/shop\/uteha-nasa-suza-rakija\/","url":"https:\/\/pmk.rs\/shop\/uteha-nasa-suza-rakija\/","name":"Uteha Na\u0161a Suza 5L - Online Prodavnica","isPartOf":{"@id":"https:\/\/pmk.rs\/#website"},"primaryImageOfPage":{"@id":"https:\/\/pmk.rs\/shop\/uteha-nasa-suza-rakija\/#primaryimage"},"image":{"@id":"https:\/\/pmk.rs\/shop\/uteha-nasa-suza-rakija\/#primaryimage"},"thumbnailUrl":"https:\/\/i0.wp.com\/pmk.rs\/wp-content\/uploads\/2023\/02\/Suza-sa-kanapom.jpg?fit=1434%2C1434&ssl=1","datePublished":"2023-02-06T17:03:27+00:00","dateModified":"2026-04-01T19:03:03+00:00","description":"Uteha Na\u0161a Suza - aged for 3 years in new oak barrels. In a 5-liter bottle, the perfect choice for lovers of authentic taste. Order online!","breadcrumb":{"@id":"https:\/\/pmk.rs\/shop\/uteha-nasa-suza-rakija\/#breadcrumb"},"inLanguage":"en-US","potentialAction":[{"@type":"ReadAction","target":["https:\/\/pmk.rs\/shop\/uteha-nasa-suza-rakija\/"]}]},{"@type":"ImageObject","inLanguage":"en-US","@id":"https:\/\/pmk.rs\/shop\/uteha-nasa-suza-rakija\/#primaryimage","url":"https:\/\/i0.wp.com\/pmk.rs\/wp-content\/uploads\/2023\/02\/Suza-sa-kanapom.jpg?fit=1434%2C1434&ssl=1","contentUrl":"https:\/\/i0.wp.com\/pmk.rs\/wp-content\/uploads\/2023\/02\/Suza-sa-kanapom.jpg?fit=1434%2C1434&ssl=1","width":1434,"height":1434,"caption":"Uteha Nasa Suza 5L"},{"@type":"BreadcrumbList","@id":"https:\/\/pmk.rs\/shop\/uteha-nasa-suza-rakija\/#breadcrumb","itemListElement":[{"@type":"ListItem","position":1,"name":"Home","item":"https:\/\/pmk.rs\/"},{"@type":"ListItem","position":2,"name":"Prodavnica","item":"https:\/\/pmk.rs\/prodavnica-uteha-nasa-rakija\/"},{"@type":"ListItem","position":3,"name":"Uteha Na\u0161a Suza 5L"}]},{"@type":"WebSite","@id":"https:\/\/pmk.rs\/#website","url":"https:\/\/pmk.rs\/","name":"PMK","description":"Pod Mirnim Krovovima","publisher":{"@id":"https:\/\/pmk.rs\/#organization"},"alternateName":"Uteha Nasa","potentialAction":[{"@type":"SearchAction","target":{"@type":"EntryPoint","urlTemplate":"https:\/\/pmk.rs\/?s={search_term_string}"},"query-input":{"@type":"PropertyValueSpecification","valueRequired":true,"valueName":"search_term_string"}}],"inLanguage":"en-US"},{"@type":"Organization","@id":"https:\/\/pmk.rs\/#organization","name":"Pod Mirnim Krovovima | Uteha Na\u0161a","alternateName":"Uteha Na\u0161a","url":"https:\/\/pmk.rs\/","logo":{"@type":"ImageObject","inLanguage":"en-US","@id":"https:\/\/pmk.rs\/#\/schema\/logo\/image\/","url":"https:\/\/i0.wp.com\/pmk.rs\/wp-content\/uploads\/2022\/02\/cropped-voor-homepage-1-e1644613809710.png?fit=985%2C482&ssl=1","contentUrl":"https:\/\/i0.wp.com\/pmk.rs\/wp-content\/uploads\/2022\/02\/cropped-voor-homepage-1-e1644613809710.png?fit=985%2C482&ssl=1","width":985,"height":482,"caption":"Pod Mirnim Krovovima | Uteha Na\u0161a"},"image":{"@id":"https:\/\/pmk.rs\/#\/schema\/logo\/image\/"},"sameAs":["https:\/\/www.facebook.com\/UtehaNasa","https:\/\/www.instagram.com\/utehanasa\/"]}]}},"jetpack_sharing_enabled":true,"_links":{"self":[{"href":"https:\/\/pmk.rs\/en\/wp-json\/wp\/v2\/product\/3483","targetHints":{"allow":["GET"]}}],"collection":[{"href":"https:\/\/pmk.rs\/en\/wp-json\/wp\/v2\/product"}],"about":[{"href":"https:\/\/pmk.rs\/en\/wp-json\/wp\/v2\/types\/product"}],"wp:featuredmedia":[{"embeddable":true,"href":"https:\/\/pmk.rs\/en\/wp-json\/wp\/v2\/media\/5705"}],"wp:attachment":[{"href":"https:\/\/pmk.rs\/en\/wp-json\/wp\/v2\/media?parent=3483"}],"wp:term":[{"taxonomy":"product_brand","embeddable":true,"href":"https:\/\/pmk.rs\/en\/wp-json\/wp\/v2\/product_brand?post=3483"},{"taxonomy":"product_cat","embeddable":true,"href":"https:\/\/pmk.rs\/en\/wp-json\/wp\/v2\/product_cat?post=3483"},{"taxonomy":"product_tag","embeddable":true,"href":"https:\/\/pmk.rs\/en\/wp-json\/wp\/v2\/product_tag?post=3483"}],"curies":[{"name":"wp","href":"https:\/\/api.w.org\/{rel}","templated":true}]}}