{"id":4428,"date":"2023-06-01T00:00:51","date_gmt":"2023-06-01T00:00:51","guid":{"rendered":"https:\/\/pmk.rs\/?post_type=product&#038;p=4428"},"modified":"2026-04-01T19:02:39","modified_gmt":"2026-04-01T19:02:39","slug":"uteha-nasa-ice-bucket-online-shop","status":"publish","type":"product","link":"https:\/\/pmk.rs\/en\/shop\/uteha-nasa-ice-bucket-online-shop\/","title":{"rendered":"Uteha Na\u0161a Ice Bucket"},"content":{"rendered":"<div class=\"group w-full text-gray-800 dark:text-gray-100 border-b border-black\/10 dark:border-gray-900\/50 bg-gray-50 dark:bg-[#444654]\">\n<div class=\"flex p-4 gap-4 text-base md:gap-6 md:max-w-2xl lg:max-w-xl xl:max-w-3xl md:py-6 lg:px-0 m-auto\">\n<div class=\"relative flex w-[calc(100%-50px)] flex-col gap-1 md:gap-3 lg:w-[calc(100%-115px)]\">\n<div class=\"flex flex-grow flex-col gap-3\">\n<div class=\"min-h-[20px] flex flex-col items-start gap-4 whitespace-pre-wrap break-words\">\n<div class=\"markdown prose w-full break-words dark:prose-invert light\">\n<p>Uteha Na\u0161a Ice Bucket &#8211; va\u0161 izbor za osve\u017eenje tokom leta! Ice Bucket je dizajniran tako da zadr\u017eava va\u0161u rakiju hladnom. Zahvaljuju\u0107i prakti\u010dnim ru\u010dkama, lako ga mo\u017eete nositi bilo gde &#8211; pla\u017ea \/ park \/ bazen. Sa mogu\u0107no\u0161\u0107u vi\u0161estruke upotrebe i otpornosti na deformaciju, pru\u017ea vam produ\u017eeno u\u017eivanje u hladnom pi\u0107u. Uz Uteha Na\u0161a Ice Bucket, obezbedite sebi posebno iskustvo osve\u017eenja i u\u017eivajte u letnjim trenucima punim stila i zabave.<\/p>\n<\/div>\n<\/div>\n<\/div>\n<\/div>\n<\/div>\n<\/div>\n","protected":false},"excerpt":{"rendered":"<p>Uteha Na\u0161a Ice Bucket is the ideal summer companion that will keep your rakija cold. With its waterproof design and practical handles, it's easy to carry anywhere, giving you multiple uses and ultimate convenience.<\/p>\n<p><strong>\u2713 Waterproof<\/strong><br \/>\n<strong>\u2713 Reusable<\/strong><br \/>\n<strong>\u2713 Ideal for the beach, park or poolside<\/strong><\/p>","protected":false},"featured_media":4448,"template":"","meta":{"site-sidebar-layout":"default","site-content-layout":"default","ast-site-content-layout":"default","site-content-style":"default","site-sidebar-style":"default","ast-global-header-display":"","ast-banner-title-visibility":"","ast-main-header-display":"","ast-hfb-above-header-display":"","ast-hfb-below-header-display":"","ast-hfb-mobile-header-display":"","site-post-title":"","ast-breadcrumbs-content":"","ast-featured-img":"","footer-sml-layout":"","ast-disable-related-posts":"","theme-transparent-header-meta":"default","adv-header-id-meta":"","stick-header-meta":"","header-above-stick-meta":"","header-main-stick-meta":"","header-below-stick-meta":"","astra-migrate-meta-layouts":"set","ast-page-background-enabled":"default","ast-page-background-meta":{"desktop":{"background-color":"","background-image":"","background-repeat":"repeat","background-position":"center center","background-size":"auto","background-attachment":"scroll","background-type":"","background-media":"","overlay-type":"","overlay-color":"","overlay-opacity":"","overlay-gradient":""},"tablet":{"background-color":"","background-image":"","background-repeat":"repeat","background-position":"center center","background-size":"auto","background-attachment":"scroll","background-type":"","background-media":"","overlay-type":"","overlay-color":"","overlay-opacity":"","overlay-gradient":""},"mobile":{"background-color":"","background-image":"","background-repeat":"repeat","background-position":"center center","background-size":"auto","background-attachment":"scroll","background-type":"","background-media":"","overlay-type":"","overlay-color":"","overlay-opacity":"","overlay-gradient":""}},"ast-content-background-meta":{"desktop":{"background-color":"var(--ast-global-color-5)","background-image":"","background-repeat":"repeat","background-position":"center center","background-size":"auto","background-attachment":"scroll","background-type":"","background-media":"","overlay-type":"","overlay-color":"","overlay-opacity":"","overlay-gradient":""},"tablet":{"background-color":"var(--ast-global-color-5)","background-image":"","background-repeat":"repeat","background-position":"center center","background-size":"auto","background-attachment":"scroll","background-type":"","background-media":"","overlay-type":"","overlay-color":"","overlay-opacity":"","overlay-gradient":""},"mobile":{"background-color":"var(--ast-global-color-5)","background-image":"","background-repeat":"repeat","background-position":"center center","background-size":"auto","background-attachment":"scroll","background-type":"","background-media":"","overlay-type":"","overlay-color":"","overlay-opacity":"","overlay-gradient":""}}},"product_brand":[],"product_cat":[20239],"product_tag":[],"class_list":{"0":"post-4428","1":"product","2":"type-product","3":"status-publish","4":"has-post-thumbnail","6":"product_cat-aksesoari","7":"desktop-align-left","8":"tablet-align-left","9":"mobile-align-left","11":"first","12":"instock","13":"purchasable","14":"product-type-variable"},"yoast_head":"<!-- This site is optimized with the Yoast SEO plugin v27.6 - https:\/\/yoast.com\/product\/yoast-seo-wordpress\/ -->\n<title>Uteha Na\u0161a Ice Bucket - Online Prodavnica<\/title>\n<meta name=\"description\" content=\"Osve\u017eite se ovog leta uz Uteha Na\u0161a Ice Bucket. Idealan za pla\u017eu, park ili bazen. Saznajte vi\u0161e i nabavite svoj Ice Bucket na na\u0161em webshopu!\" \/>\n<meta name=\"robots\" content=\"index, follow, max-snippet:-1, max-image-preview:large, max-video-preview:-1\" \/>\n<link rel=\"canonical\" href=\"https:\/\/pmk.rs\/en\/shop\/uteha-nasa-ice-bucket-online-shop\/\" \/>\n<meta property=\"og:locale\" content=\"en_US\" \/>\n<meta property=\"og:type\" content=\"article\" \/>\n<meta property=\"og:title\" content=\"Uteha Na\u0161a Ice Bucket - Online Prodavnica\" \/>\n<meta property=\"og:description\" content=\"Osve\u017eite se ovog leta uz Uteha Na\u0161a Ice Bucket. Idealan za pla\u017eu, park ili bazen. Saznajte vi\u0161e i nabavite svoj Ice Bucket na na\u0161em webshopu!\" \/>\n<meta property=\"og:url\" content=\"https:\/\/pmk.rs\/en\/shop\/uteha-nasa-ice-bucket-online-shop\/\" \/>\n<meta property=\"og:site_name\" content=\"PMK\" \/>\n<meta property=\"article:publisher\" content=\"https:\/\/www.facebook.com\/UtehaNasa\" \/>\n<meta property=\"article:modified_time\" content=\"2026-04-01T19:02:39+00:00\" \/>\n<meta property=\"og:image\" content=\"https:\/\/pmk.rs\/wp-content\/uploads\/2023\/06\/Ice-Bucket-summer.jpg\" \/>\n\t<meta property=\"og:image:width\" content=\"1080\" \/>\n\t<meta property=\"og:image:height\" content=\"1080\" \/>\n\t<meta property=\"og:image:type\" content=\"image\/jpeg\" \/>\n<meta name=\"twitter:card\" content=\"summary_large_image\" \/>\n<meta name=\"twitter:label1\" content=\"Est. reading time\" \/>\n\t<meta name=\"twitter:data1\" content=\"1 minute\" \/>\n<script type=\"application\/ld+json\" class=\"yoast-schema-graph\">{\"@context\":\"https:\\\/\\\/schema.org\",\"@graph\":[{\"@type\":\"WebPage\",\"@id\":\"https:\\\/\\\/pmk.rs\\\/shop\\\/uteha-nasa-ice-bucket-online-prodavnica\\\/\",\"url\":\"https:\\\/\\\/pmk.rs\\\/shop\\\/uteha-nasa-ice-bucket-online-prodavnica\\\/\",\"name\":\"Uteha Na\u0161a Ice Bucket - Online Prodavnica\",\"isPartOf\":{\"@id\":\"https:\\\/\\\/pmk.rs\\\/#website\"},\"primaryImageOfPage\":{\"@id\":\"https:\\\/\\\/pmk.rs\\\/shop\\\/uteha-nasa-ice-bucket-online-prodavnica\\\/#primaryimage\"},\"image\":{\"@id\":\"https:\\\/\\\/pmk.rs\\\/shop\\\/uteha-nasa-ice-bucket-online-prodavnica\\\/#primaryimage\"},\"thumbnailUrl\":\"https:\\\/\\\/i0.wp.com\\\/pmk.rs\\\/wp-content\\\/uploads\\\/2023\\\/06\\\/Ice-Bucket-summer.jpg?fit=1080%2C1080&ssl=1\",\"datePublished\":\"2023-06-01T00:00:51+00:00\",\"dateModified\":\"2026-04-01T19:02:39+00:00\",\"description\":\"Osve\u017eite se ovog leta uz Uteha Na\u0161a Ice Bucket. Idealan za pla\u017eu, park ili bazen. Saznajte vi\u0161e i nabavite svoj Ice Bucket na na\u0161em webshopu!\",\"breadcrumb\":{\"@id\":\"https:\\\/\\\/pmk.rs\\\/shop\\\/uteha-nasa-ice-bucket-online-prodavnica\\\/#breadcrumb\"},\"inLanguage\":\"en-US\",\"potentialAction\":[{\"@type\":\"ReadAction\",\"target\":[\"https:\\\/\\\/pmk.rs\\\/shop\\\/uteha-nasa-ice-bucket-online-prodavnica\\\/\"]}]},{\"@type\":\"ImageObject\",\"inLanguage\":\"en-US\",\"@id\":\"https:\\\/\\\/pmk.rs\\\/shop\\\/uteha-nasa-ice-bucket-online-prodavnica\\\/#primaryimage\",\"url\":\"https:\\\/\\\/i0.wp.com\\\/pmk.rs\\\/wp-content\\\/uploads\\\/2023\\\/06\\\/Ice-Bucket-summer.jpg?fit=1080%2C1080&ssl=1\",\"contentUrl\":\"https:\\\/\\\/i0.wp.com\\\/pmk.rs\\\/wp-content\\\/uploads\\\/2023\\\/06\\\/Ice-Bucket-summer.jpg?fit=1080%2C1080&ssl=1\",\"width\":1080,\"height\":1080,\"caption\":\"Ice Bucket Uteha Nasa\"},{\"@type\":\"BreadcrumbList\",\"@id\":\"https:\\\/\\\/pmk.rs\\\/shop\\\/uteha-nasa-ice-bucket-online-prodavnica\\\/#breadcrumb\",\"itemListElement\":[{\"@type\":\"ListItem\",\"position\":1,\"name\":\"Home\",\"item\":\"https:\\\/\\\/pmk.rs\\\/\"},{\"@type\":\"ListItem\",\"position\":2,\"name\":\"Prodavnica\",\"item\":\"https:\\\/\\\/pmk.rs\\\/prodavnica-uteha-nasa-rakija\\\/\"},{\"@type\":\"ListItem\",\"position\":3,\"name\":\"Uteha Na\u0161a Ice Bucket\"}]},{\"@type\":\"WebSite\",\"@id\":\"https:\\\/\\\/pmk.rs\\\/#website\",\"url\":\"https:\\\/\\\/pmk.rs\\\/\",\"name\":\"PMK\",\"description\":\"Pod Mirnim Krovovima\",\"publisher\":{\"@id\":\"https:\\\/\\\/pmk.rs\\\/#organization\"},\"alternateName\":\"Uteha Nasa\",\"potentialAction\":[{\"@type\":\"SearchAction\",\"target\":{\"@type\":\"EntryPoint\",\"urlTemplate\":\"https:\\\/\\\/pmk.rs\\\/?s={search_term_string}\"},\"query-input\":{\"@type\":\"PropertyValueSpecification\",\"valueRequired\":true,\"valueName\":\"search_term_string\"}}],\"inLanguage\":\"en-US\"},{\"@type\":\"Organization\",\"@id\":\"https:\\\/\\\/pmk.rs\\\/#organization\",\"name\":\"Pod Mirnim Krovovima | Uteha Na\u0161a\",\"alternateName\":\"Uteha Na\u0161a\",\"url\":\"https:\\\/\\\/pmk.rs\\\/\",\"logo\":{\"@type\":\"ImageObject\",\"inLanguage\":\"en-US\",\"@id\":\"https:\\\/\\\/pmk.rs\\\/#\\\/schema\\\/logo\\\/image\\\/\",\"url\":\"https:\\\/\\\/i0.wp.com\\\/pmk.rs\\\/wp-content\\\/uploads\\\/2022\\\/02\\\/cropped-voor-homepage-1-e1644613809710.png?fit=985%2C482&ssl=1\",\"contentUrl\":\"https:\\\/\\\/i0.wp.com\\\/pmk.rs\\\/wp-content\\\/uploads\\\/2022\\\/02\\\/cropped-voor-homepage-1-e1644613809710.png?fit=985%2C482&ssl=1\",\"width\":985,\"height\":482,\"caption\":\"Pod Mirnim Krovovima | Uteha Na\u0161a\"},\"image\":{\"@id\":\"https:\\\/\\\/pmk.rs\\\/#\\\/schema\\\/logo\\\/image\\\/\"},\"sameAs\":[\"https:\\\/\\\/www.facebook.com\\\/UtehaNasa\",\"https:\\\/\\\/www.instagram.com\\\/utehanasa\\\/\"]}]}<\/script>\n<!-- \/ Yoast SEO plugin. -->","yoast_head_json":{"title":"Uteha Na\u0161a Ice Bucket - Online Store","description":"Cool off this summer with the Uteha Na\u0161a Ice Bucket. Ideal for the beach, park or pool. Learn more and get your Ice Bucket on our webshop!","robots":{"index":"index","follow":"follow","max-snippet":"max-snippet:-1","max-image-preview":"max-image-preview:large","max-video-preview":"max-video-preview:-1"},"canonical":"https:\/\/pmk.rs\/en\/shop\/uteha-nasa-ice-bucket-online-shop\/","og_locale":"en_US","og_type":"article","og_title":"Uteha Na\u0161a Ice Bucket - Online Prodavnica","og_description":"Osve\u017eite se ovog leta uz Uteha Na\u0161a Ice Bucket. Idealan za pla\u017eu, park ili bazen. Saznajte vi\u0161e i nabavite svoj Ice Bucket na na\u0161em webshopu!","og_url":"https:\/\/pmk.rs\/en\/shop\/uteha-nasa-ice-bucket-online-shop\/","og_site_name":"PMK","article_publisher":"https:\/\/www.facebook.com\/UtehaNasa","article_modified_time":"2026-04-01T19:02:39+00:00","og_image":[{"width":1080,"height":1080,"url":"https:\/\/pmk.rs\/wp-content\/uploads\/2023\/06\/Ice-Bucket-summer.jpg","type":"image\/jpeg"}],"twitter_card":"summary_large_image","twitter_misc":{"Est. reading time":"1 minute"},"schema":{"@context":"https:\/\/schema.org","@graph":[{"@type":"WebPage","@id":"https:\/\/pmk.rs\/shop\/uteha-nasa-ice-bucket-online-prodavnica\/","url":"https:\/\/pmk.rs\/shop\/uteha-nasa-ice-bucket-online-prodavnica\/","name":"Uteha Na\u0161a Ice Bucket - Online Store","isPartOf":{"@id":"https:\/\/pmk.rs\/#website"},"primaryImageOfPage":{"@id":"https:\/\/pmk.rs\/shop\/uteha-nasa-ice-bucket-online-prodavnica\/#primaryimage"},"image":{"@id":"https:\/\/pmk.rs\/shop\/uteha-nasa-ice-bucket-online-prodavnica\/#primaryimage"},"thumbnailUrl":"https:\/\/i0.wp.com\/pmk.rs\/wp-content\/uploads\/2023\/06\/Ice-Bucket-summer.jpg?fit=1080%2C1080&ssl=1","datePublished":"2023-06-01T00:00:51+00:00","dateModified":"2026-04-01T19:02:39+00:00","description":"Cool off this summer with the Uteha Na\u0161a Ice Bucket. Ideal for the beach, park or pool. Learn more and get your Ice Bucket on our webshop!","breadcrumb":{"@id":"https:\/\/pmk.rs\/shop\/uteha-nasa-ice-bucket-online-prodavnica\/#breadcrumb"},"inLanguage":"en-US","potentialAction":[{"@type":"ReadAction","target":["https:\/\/pmk.rs\/shop\/uteha-nasa-ice-bucket-online-prodavnica\/"]}]},{"@type":"ImageObject","inLanguage":"en-US","@id":"https:\/\/pmk.rs\/shop\/uteha-nasa-ice-bucket-online-prodavnica\/#primaryimage","url":"https:\/\/i0.wp.com\/pmk.rs\/wp-content\/uploads\/2023\/06\/Ice-Bucket-summer.jpg?fit=1080%2C1080&ssl=1","contentUrl":"https:\/\/i0.wp.com\/pmk.rs\/wp-content\/uploads\/2023\/06\/Ice-Bucket-summer.jpg?fit=1080%2C1080&ssl=1","width":1080,"height":1080,"caption":"Ice Bucket Uteha Nasa"},{"@type":"BreadcrumbList","@id":"https:\/\/pmk.rs\/shop\/uteha-nasa-ice-bucket-online-prodavnica\/#breadcrumb","itemListElement":[{"@type":"ListItem","position":1,"name":"Home","item":"https:\/\/pmk.rs\/"},{"@type":"ListItem","position":2,"name":"Prodavnica","item":"https:\/\/pmk.rs\/prodavnica-uteha-nasa-rakija\/"},{"@type":"ListItem","position":3,"name":"Uteha Na\u0161a Ice Bucket"}]},{"@type":"WebSite","@id":"https:\/\/pmk.rs\/#website","url":"https:\/\/pmk.rs\/","name":"PMK","description":"Pod Mirnim Krovovima","publisher":{"@id":"https:\/\/pmk.rs\/#organization"},"alternateName":"Uteha Nasa","potentialAction":[{"@type":"SearchAction","target":{"@type":"EntryPoint","urlTemplate":"https:\/\/pmk.rs\/?s={search_term_string}"},"query-input":{"@type":"PropertyValueSpecification","valueRequired":true,"valueName":"search_term_string"}}],"inLanguage":"en-US"},{"@type":"Organization","@id":"https:\/\/pmk.rs\/#organization","name":"Pod Mirnim Krovovima | Uteha Na\u0161a","alternateName":"Uteha Na\u0161a","url":"https:\/\/pmk.rs\/","logo":{"@type":"ImageObject","inLanguage":"en-US","@id":"https:\/\/pmk.rs\/#\/schema\/logo\/image\/","url":"https:\/\/i0.wp.com\/pmk.rs\/wp-content\/uploads\/2022\/02\/cropped-voor-homepage-1-e1644613809710.png?fit=985%2C482&ssl=1","contentUrl":"https:\/\/i0.wp.com\/pmk.rs\/wp-content\/uploads\/2022\/02\/cropped-voor-homepage-1-e1644613809710.png?fit=985%2C482&ssl=1","width":985,"height":482,"caption":"Pod Mirnim Krovovima | Uteha Na\u0161a"},"image":{"@id":"https:\/\/pmk.rs\/#\/schema\/logo\/image\/"},"sameAs":["https:\/\/www.facebook.com\/UtehaNasa","https:\/\/www.instagram.com\/utehanasa\/"]}]}},"jetpack_sharing_enabled":true,"_links":{"self":[{"href":"https:\/\/pmk.rs\/en\/wp-json\/wp\/v2\/product\/4428","targetHints":{"allow":["GET"]}}],"collection":[{"href":"https:\/\/pmk.rs\/en\/wp-json\/wp\/v2\/product"}],"about":[{"href":"https:\/\/pmk.rs\/en\/wp-json\/wp\/v2\/types\/product"}],"wp:featuredmedia":[{"embeddable":true,"href":"https:\/\/pmk.rs\/en\/wp-json\/wp\/v2\/media\/4448"}],"wp:attachment":[{"href":"https:\/\/pmk.rs\/en\/wp-json\/wp\/v2\/media?parent=4428"}],"wp:term":[{"taxonomy":"product_brand","embeddable":true,"href":"https:\/\/pmk.rs\/en\/wp-json\/wp\/v2\/product_brand?post=4428"},{"taxonomy":"product_cat","embeddable":true,"href":"https:\/\/pmk.rs\/en\/wp-json\/wp\/v2\/product_cat?post=4428"},{"taxonomy":"product_tag","embeddable":true,"href":"https:\/\/pmk.rs\/en\/wp-json\/wp\/v2\/product_tag?post=4428"}],"curies":[{"name":"wp","href":"https:\/\/api.w.org\/{rel}","templated":true}]}}